{"id":720,"date":"2017-08-10T03:54:08","date_gmt":"2017-08-10T06:54:08","guid":{"rendered":"https:\/\/gfasindicos.com.br\/index.php\/home\/"},"modified":"2025-02-17T10:48:21","modified_gmt":"2025-02-17T13:48:21","slug":"home","status":"publish","type":"page","link":"https:\/\/gfasindicos.com.br\/","title":{"rendered":"Home"},"content":{"rendered":"\n<div class=\"elementor elementor-720\" data-elementor-id=\"720\" data-elementor-settings=\"[]\" data-elementor-type=\"wp-page\">\n<div class=\"elementor-inner\">\n<div class=\"elementor-section-wrap\">\n<section class=\"elementor-section elementor-top-section elementor-element elementor-element-444d408 elementor-section-height-min-height elementor-section-boxed elementor-section-height-default elementor-section-items-middle\" data-element_type=\"section\" data-id=\"444d408\" data-settings='{\"background_background\":\"classic\"}'>\n<div class=\"elementor-background-overlay\"><\/div>\n<div class=\"elementor-container elementor-column-gap-no\">\n<div class=\"elementor-row\">\n<div class=\"elementor-column elementor-col-100 elementor-top-column elementor-element elementor-element-aa6f9cd\" data-element_type=\"column\" data-id=\"aa6f9cd\">\n<div class=\"elementor-column-wrap elementor-element-populated\">\n<div class=\"elementor-widget-wrap\">\n<div class=\"elementor-element elementor-element-29d3822 elementor-widget elementor-widget-heading\" data-element_type=\"widget\" data-id=\"29d3822\" data-widget_type=\"heading.default\">\n<div class=\"elementor-widget-container\">\n<h2 class=\"elementor-heading-title elementor-size-default\">GFA S\u00edndicos<\/h2>\n<\/p><\/div>\n<\/div>\n<div class=\"elementor-element elementor-element-9365c45 elementor-widget-divider--view-line_text elementor-widget-divider--element-align-center elementor-widget elementor-widget-divider\" data-element_type=\"widget\" data-id=\"9365c45\" data-widget_type=\"divider.default\">\n<div class=\"elementor-widget-container\">\n<div class=\"elementor-divider\">\n<span class=\"elementor-divider-separator\"><br \/>\n<span class=\"elementor-divider__text elementor-divider__element\">gelson almeida<\/span><br \/>\n<\/span>\n<\/div>\n<\/div>\n<\/div>\n<div class=\"elementor-element elementor-element-7f6ab98 elementor-widget elementor-widget-heading\" data-element_type=\"widget\" data-id=\"7f6ab98\" data-widget_type=\"heading.default\">\n<div class=\"elementor-widget-container\">\n<h3 class=\"elementor-heading-title elementor-size-default\">S\u00edndico Profissional<\/h3>\n<\/p><\/div>\n<\/div>\n<\/div>\n<\/div>\n<\/div>\n<\/div>\n<\/div>\n<\/section>\n<section class=\"elementor-section elementor-top-section elementor-element elementor-element-8db1f1c elementor-section-boxed elementor-section-height-default elementor-section-height-default\" data-element_type=\"section\" data-id=\"8db1f1c\" data-settings='{\"background_background\":\"classic\"}'>\n<div class=\"elementor-container elementor-column-gap-no\">\n<div class=\"elementor-row\">\n<div class=\"elementor-column elementor-col-100 elementor-top-column elementor-element elementor-element-6d71dd7\" data-element_type=\"column\" data-id=\"6d71dd7\">\n<div class=\"elementor-column-wrap elementor-element-populated\">\n<div class=\"elementor-widget-wrap\">\n<div class=\"elementor-element elementor-element-50e38c9 elementor-widget elementor-widget-heading\" data-element_type=\"widget\" data-id=\"50e38c9\" data-widget_type=\"heading.default\">\n<div class=\"elementor-widget-container\">\n<h2 class=\"elementor-heading-title elementor-size-default\">Sobre<\/h2>\n<\/p><\/div>\n<\/div>\n<div class=\"elementor-element elementor-element-37ed0e2 elementor-widget elementor-widget-text-editor\" data-element_type=\"widget\" data-id=\"37ed0e2\" data-widget_type=\"text-editor.default\">\n<div class=\"elementor-widget-container\">\n<div class=\"elementor-text-editor elementor-clearfix\">\n<p>A\u00a0GFA SINDICOS \u00e9 liderada pelo gestor Gelson F. Almeida, sendo formado em Gest\u00e3o de RH desde 2008.<\/p>\n<p>Apaixonado pela \u00e1rea imobili\u00e1ria, especialmente na esfera condominial, verificou a necessidade de uma profissionaliza\u00e7\u00e3o no campo de gest\u00e3o de condom\u00ednios, de forma moderna e preventiva, tornando-se assim, s\u00edndico no ano de 2009.<\/p>\n<p>Neste passo, considerando que para todo Condom\u00ednio \u00e9 obrigat\u00f3ria a presen\u00e7a de um s\u00edndico, somado a mudan\u00e7a na percep\u00e7\u00e3o das pessoas, haja vista a facilidade das informa\u00e7\u00f5es e rigor na fiscaliza\u00e7\u00e3o pelos \u00f3rg\u00e3os legais, trouxe na presta\u00e7\u00e3o do servi\u00e7o, a base para o cumprimento das exig\u00eancias di\u00e1rias dentro de um Condom\u00ednio, destacando como pontos fundamentais para contrata\u00e7\u00e3o de um gestor terceirizado e de benef\u00edcios aos moradores de um Condom\u00ednio:<\/p>\n<p class=\"MsoNormal\" style=\"margin: 7.5pt 0cm; line-height: 21pt; font-size: 11pt; font-family: Calibri, sans-serif; color: #000000; font-style: normal; font-weight: 400; text-align: start;\"><b><span style=\"font-size: 13.5pt; font-family: Cambria, serif; color: #444444;\">\u2022 Organiza\u00e7\u00e3o;<\/span><\/b><span style=\"font-size: 13.5pt; font-family: Cambria, serif; color: #444444;\"><br \/><b>\u2022 Planejamento;<\/b><br \/><b>\u2022 Transpar\u00eancia nas Condutas;<\/b><br \/><b>\u2022 Qualifica\u00e7\u00e3o para o Exerc\u00edcio do Cargo;<\/b><br \/><b>\u2022 Gerenciamento de Conflitos e Imparcialidade;<\/b><br \/><b>\u2022 Disponibilidade de Tempo e Aten\u00e7\u00e3o ao Condom\u00ednio e Cond\u00f4minos(as).<\/b><\/span><\/p>\n<p>Desta forma, a\u202f\u00a0GFA SINDICOS <strong>\u202f\u00a0<\/strong>foi criada, tendo como \u202fobjetivo a gest\u00e3o condominial de excel\u00eancia, por meio de profissionalismo, transpar\u00eancia e efic\u00e1cia, \u202f de modo a trazer ao (a) cond\u00f4mino(a) a tranquilidade, zelo e valoriza\u00e7\u00e3o que seu patrim\u00f4nio merece.<\/p>\n<\/div>\n<\/div>\n<\/div>\n<\/div>\n<\/div>\n<\/div>\n<\/div>\n<\/div>\n<\/section>\n<section class=\"elementor-section elementor-top-section elementor-element elementor-element-1e58204 elementor-section-boxed elementor-section-height-default elementor-section-height-default\" data-element_type=\"section\" data-id=\"1e58204\" data-settings='{\"background_background\":\"classic\"}'>\n<div class=\"elementor-background-overlay\"><\/div>\n<div class=\"elementor-container elementor-column-gap-default\">\n<div class=\"elementor-row\">\n<div class=\"elementor-column elementor-col-100 elementor-top-column elementor-element elementor-element-75f8464\" data-element_type=\"column\" data-id=\"75f8464\" data-settings='{\"background_background\":\"slideshow\",\"background_slideshow_gallery\":[{\"id\":887,\"url\":\"https:\\\/\\\/gfasindicos.com.br\\\/wp-content\\\/uploads\\\/2020\\\/12\\\/Imagem1-1.png\"}],\"background_slideshow_loop\":\"yes\",\"background_slideshow_slide_duration\":5000,\"background_slideshow_slide_transition\":\"fade\",\"background_slideshow_transition_duration\":500}'>\n<div class=\"elementor-column-wrap elementor-element-populated\">\n<div class=\"elementor-widget-wrap\">\n<div class=\"elementor-element elementor-element-fb79863 elementor-position-top elementor-vertical-align-top elementor-widget elementor-widget-image-box\" data-element_type=\"widget\" data-id=\"fb79863\" data-widget_type=\"image-box.default\">\n<div class=\"elementor-widget-container\">\n<div class=\"elementor-image-box-wrapper\">\n<div class=\"elementor-image-box-content\">\n<h4 class=\"elementor-image-box-title\">Atua\u00e7\u00e3o<\/h4>\n<p class=\"elementor-image-box-description\">S\u00cdNDICO PROFISSIONAL<br \/>\nPor meio do S\u00edndico Profissional Gelson F. Almeida, atua na Gest\u00e3o do Condom\u00ednio, tendo como pilares principais, o cumprimento das obriga\u00e7\u00f5es legais; an\u00e1lise da sa\u00fade financeira e busca constante de alternativas para redu\u00e7\u00e3o de custos;  seguran\u00e7a das pessoas e da edifica\u00e7\u00e3o; manuten\u00e7\u00e3o e valoriza\u00e7\u00e3o da edifica\u00e7\u00e3o, treinamento, motiva\u00e7\u00e3o e constante reciclagem profissional dos colaboradores; avalia\u00e7\u00e3o dos servi\u00e7os prestados ao condom\u00ednio; solu\u00e7\u00e3o dos conflitos internos, aplica\u00e7\u00e3o e efetivo cumprimento das normas internas \u2013 Conven\u00e7\u00e3o e Regimento Interno, dentre outras atividades pertinentes ao cargo.\n<\/p>\n<\/div>\n<\/div><\/div>\n<\/div>\n<section class=\"elementor-section elementor-inner-section elementor-element elementor-element-56143a7 elementor-section-boxed elementor-section-height-default elementor-section-height-default\" data-element_type=\"section\" data-id=\"56143a7\">\n<div class=\"elementor-container elementor-column-gap-no\">\n<div class=\"elementor-row\">\n<div class=\"elementor-column elementor-col-33 elementor-inner-column elementor-element elementor-element-5d7fefe elementor-invisible\" data-element_type=\"column\" data-id=\"5d7fefe\" data-settings='{\"background_background\":\"slideshow\",\"background_slideshow_gallery\":[{\"id\":840,\"url\":\"https:\\\/\\\/gfasindicos.com.br\\\/wp-content\\\/uploads\\\/2020\\\/12\\\/1.jpg\"}],\"animation\":\"none\",\"background_slideshow_loop\":\"yes\",\"background_slideshow_slide_duration\":5000,\"background_slideshow_slide_transition\":\"fade\",\"background_slideshow_transition_duration\":500}'>\n<div class=\"elementor-column-wrap elementor-element-populated\">\n<div class=\"elementor-widget-wrap\">\n<div class=\"elementor-element elementor-element-7b5bc4e elementor-view-stacked elementor-vertical-align-top elementor-widget elementor-widget-icon-box\" data-element_type=\"widget\" data-id=\"7b5bc4e\" data-widget_type=\"icon-box.default\">\n<div class=\"elementor-widget-container\">\n<div class=\"elementor-icon-box-wrapper\">\n<div class=\"elementor-icon-box-content\">\n<h5 class=\"elementor-icon-box-title\">\n<span>Obriga\u00e7\u00f5es Legais<\/span><br \/>\n<\/h5>\n<p class=\"elementor-icon-box-description\">Atendimento \u00e0s legisla\u00e7\u00f5es, normas regulamentadoras, obriga\u00e7\u00f5es determinadas pelos \u00f3rg\u00e3os p\u00fablicos e todas aquelas relacionadas \u00e0 legalidade.<\/p>\n<\/div>\n<\/div>\n<\/div>\n<\/div>\n<div class=\"elementor-element elementor-element-36d3ba8 elementor-view-stacked elementor-vertical-align-top elementor-widget elementor-widget-icon-box\" data-element_type=\"widget\" data-id=\"36d3ba8\" data-widget_type=\"icon-box.default\">\n<div class=\"elementor-widget-container\">\n<div class=\"elementor-icon-box-wrapper\">\n<div class=\"elementor-icon-box-content\">\n<h5 class=\"elementor-icon-box-title\">\n<span>Recursos Humanos<\/span><br \/>\n<\/h5>\n<p class=\"elementor-icon-box-description\">Colaboradores motivados, capacitados, orientados e treinados.<\/p>\n<\/div>\n<\/div>\n<\/div>\n<\/div>\n<\/div>\n<\/div>\n<\/div>\n<div class=\"elementor-column elementor-col-33 elementor-inner-column elementor-element elementor-element-d260d9f\" data-element_type=\"column\" data-id=\"d260d9f\" data-settings='{\"background_background\":\"slideshow\",\"background_slideshow_gallery\":[{\"id\":841,\"url\":\"https:\\\/\\\/gfasindicos.com.br\\\/wp-content\\\/uploads\\\/2020\\\/12\\\/2.jpg\"}],\"background_slideshow_loop\":\"yes\",\"background_slideshow_slide_duration\":5000,\"background_slideshow_slide_transition\":\"fade\",\"background_slideshow_transition_duration\":500}'>\n<div class=\"elementor-column-wrap elementor-element-populated\">\n<div class=\"elementor-widget-wrap\">\n<div class=\"elementor-element elementor-element-6e962f0 elementor-view-stacked elementor-vertical-align-top elementor-widget elementor-widget-icon-box\" data-element_type=\"widget\" data-id=\"6e962f0\" data-widget_type=\"icon-box.default\">\n<div class=\"elementor-widget-container\">\n<div class=\"elementor-icon-box-wrapper\">\n<div class=\"elementor-icon-box-content\">\n<h5 class=\"elementor-icon-box-title\">\n<span>Financeiro<\/span><br \/>\n<\/h5>\n<p class=\"elementor-icon-box-description\">An\u00e1lise e mapeamento da sa\u00fade financeira do condom\u00ednio, com busca constante na redu\u00e7\u00e3o de custos e manuten\u00e7\u00e3o da qualidade dos servi\u00e7os.<\/p>\n<\/div>\n<\/div>\n<\/div>\n<\/div>\n<div class=\"elementor-element elementor-element-e2255a1 elementor-view-stacked elementor-vertical-align-top elementor-widget elementor-widget-icon-box\" data-element_type=\"widget\" data-id=\"e2255a1\" data-widget_type=\"icon-box.default\">\n<div class=\"elementor-widget-container\">\n<div class=\"elementor-icon-box-wrapper\">\n<div class=\"elementor-icon-box-content\">\n<h5 class=\"elementor-icon-box-title\">\n<span>Servi\u00e7os<\/span><br \/>\n<\/h5>\n<p class=\"elementor-icon-box-description\">Avalia\u00e7\u00e3o constante na qualidade dos servi\u00e7os prestados, juntamente com an\u00e1lises contratuais e financeiras.<\/p>\n<\/div>\n<\/div>\n<\/div>\n<\/div>\n<\/div>\n<\/div>\n<\/div>\n<div class=\"elementor-column elementor-col-33 elementor-inner-column elementor-element elementor-element-8b65c53\" data-element_type=\"column\" data-id=\"8b65c53\" data-settings='{\"background_background\":\"slideshow\",\"background_slideshow_gallery\":[{\"id\":842,\"url\":\"https:\\\/\\\/gfasindicos.com.br\\\/wp-content\\\/uploads\\\/2020\\\/12\\\/3.jpg\"}],\"background_slideshow_loop\":\"yes\",\"background_slideshow_slide_duration\":5000,\"background_slideshow_slide_transition\":\"fade\",\"background_slideshow_transition_duration\":500}'>\n<div class=\"elementor-column-wrap elementor-element-populated\">\n<div class=\"elementor-widget-wrap\">\n<div class=\"elementor-element elementor-element-831118b elementor-vertical-align-middle elementor-widget__width-auto elementor-view-default elementor-widget elementor-widget-icon-box\" data-element_type=\"widget\" data-id=\"831118b\" data-widget_type=\"icon-box.default\">\n<div class=\"elementor-widget-container\">\n<div class=\"elementor-icon-box-wrapper\">\n<div class=\"elementor-icon-box-content\">\n<h5 class=\"elementor-icon-box-title\">\n<span><br \/>Seguran\u00e7a<\/span><br \/>\n<\/h5>\n<p class=\"elementor-icon-box-description\">Estudo com o corpo diretivo para <br \/>implanta\u00e7\u00e3o de sistema adequado <br \/>para as pessoas e edifica\u00e7\u00e3o, dentro das possibilidades de cada condom\u00ednio.<\/p>\n<p><\/p>\n<\/div>\n<\/div>\n<\/div>\n<\/div>\n<div class=\"elementor-element elementor-element-c8a5f04 elementor-view-stacked elementor-vertical-align-top elementor-widget elementor-widget-icon-box\" data-element_type=\"widget\" data-id=\"c8a5f04\" data-widget_type=\"icon-box.default\">\n<div class=\"elementor-widget-container\">\n<div class=\"elementor-icon-box-wrapper\">\n<div class=\"elementor-icon-box-content\">\n<h5 class=\"elementor-icon-box-title\">\n<span>Administrativo<\/span><br \/>\n<\/h5>\n<p class=\"elementor-icon-box-description\">Aten\u00e7\u00e3o com as determina\u00e7\u00f5es da conven\u00e7\u00e3o de condom\u00ednio e regulamento interno para manter a disciplina, sem abrir precedentes.<\/p>\n<\/div>\n<\/div>\n<\/div>\n<\/div>\n<\/div>\n<\/div>\n<\/div>\n<\/div>\n<\/div>\n<\/section>\n<section class=\"elementor-section elementor-inner-section elementor-element elementor-element-3596287 elementor-section-boxed elementor-section-height-default elementor-section-height-default\" data-element_type=\"section\" data-id=\"3596287\">\n<div class=\"elementor-container elementor-column-gap-default\">\n<div class=\"elementor-row\">\n<div class=\"elementor-column elementor-col-50 elementor-inner-column elementor-element elementor-element-d2bb1a5\" data-element_type=\"column\" data-id=\"d2bb1a5\" data-settings='{\"background_background\":\"slideshow\",\"background_slideshow_gallery\":[{\"id\":865,\"url\":\"https:\\\/\\\/gfasindicos.com.br\\\/wp-content\\\/uploads\\\/2020\\\/12\\\/MANUTENC\\u0327A\\u0303O.jpg\"}],\"background_slideshow_loop\":\"yes\",\"background_slideshow_slide_duration\":5000,\"background_slideshow_slide_transition\":\"fade\",\"background_slideshow_transition_duration\":500}'>\n<div class=\"elementor-column-wrap elementor-element-populated\">\n<div class=\"elementor-widget-wrap\">\n<div class=\"elementor-element elementor-element-f628bde elementor-view-default elementor-vertical-align-top elementor-widget elementor-widget-icon-box\" data-element_type=\"widget\" data-id=\"f628bde\" data-widget_type=\"icon-box.default\">\n<div class=\"elementor-widget-container\">\n<div class=\"elementor-icon-box-wrapper\">\n<div class=\"elementor-icon-box-content\">\n<h5 class=\"elementor-icon-box-title\">\n<span><\/p>\n<p>Manuten\u00e7\u00e3o<\/span><br \/>\n<\/h5>\n<p class=\"elementor-icon-box-description\">Manter a edifica\u00e7\u00e3o com \u00e1reas comuns <br \/>e todos os equipamentos em perfeito estado <br \/>de conserva\u00e7\u00e3o, funcionamento e limpeza.<\/p>\n<p><\/p>\n<\/div>\n<\/div>\n<\/div>\n<\/div>\n<\/div>\n<\/div>\n<\/div>\n<div class=\"elementor-column elementor-col-50 elementor-inner-column elementor-element elementor-element-56d2356\" data-element_type=\"column\" data-id=\"56d2356\" data-settings='{\"background_background\":\"slideshow\",\"background_slideshow_gallery\":[{\"id\":866,\"url\":\"https:\\\/\\\/gfasindicos.com.br\\\/wp-content\\\/uploads\\\/2020\\\/12\\\/CONSULTORIA.jpg\"}],\"background_slideshow_loop\":\"yes\",\"background_slideshow_slide_duration\":5000,\"background_slideshow_slide_transition\":\"fade\",\"background_slideshow_transition_duration\":500}'>\n<div class=\"elementor-column-wrap elementor-element-populated\">\n<div class=\"elementor-widget-wrap\">\n<div class=\"elementor-element elementor-element-af4b50e elementor-vertical-align-middle elementor-view-default elementor-widget elementor-widget-icon-box\" data-element_type=\"widget\" data-id=\"af4b50e\" data-widget_type=\"icon-box.default\">\n<div class=\"elementor-widget-container\">\n<div class=\"elementor-icon-box-wrapper\">\n<div class=\"elementor-icon-box-content\">\n<h5 class=\"elementor-icon-box-title\">\n<span><\/p>\n<p>Consultoria<\/span><br \/>\n<\/h5>\n<p class=\"elementor-icon-box-description\">Consultoria e assessoria ao(a) S\u00edndico(a) e ao(a) <br \/>Cond\u00f4mino(a) ou comiss\u00f5es, no cumprimento <br \/>de seus deveres, procedimentos, etc.<\/p>\n<\/div>\n<\/div>\n<\/div>\n<\/div>\n<\/div>\n<\/div>\n<\/div>\n<\/div>\n<\/div>\n<\/section>\n<\/div>\n<\/div>\n<\/div>\n<\/div>\n<\/div>\n<\/section>\n<section class=\"elementor-section elementor-top-section elementor-element elementor-element-61c75dc elementor-section-boxed elementor-section-height-default elementor-section-height-default\" data-element_type=\"section\" data-id=\"61c75dc\">\n<div class=\"elementor-container elementor-column-gap-default\">\n<div class=\"elementor-row\">\n<div class=\"elementor-column elementor-col-100 elementor-top-column elementor-element elementor-element-81e1025\" data-element_type=\"column\" data-id=\"81e1025\">\n<div class=\"elementor-column-wrap elementor-element-populated\">\n<div class=\"elementor-widget-wrap\">\n<div class=\"elementor-element elementor-element-dcc629c elementor-widget elementor-widget-image\" data-element_type=\"widget\" data-id=\"dcc629c\" data-widget_type=\"image.default\">\n<div class=\"elementor-widget-container\">\n<div class=\"elementor-image\">\n<img alt=\"\" class=\"attachment-large size-large\" decoding=\"async\" height=\"144\" loading=\"lazy\" sizes=\"auto, (max-width: 1024px) 100vw, 1024px\" src=\"https:\/\/gfasindicos.com.br\/wp-content\/uploads\/2020\/12\/rodape-1024x144.png\" srcset=\"https:\/\/gfasindicos.com.br\/wp-content\/uploads\/2020\/12\/rodape-1024x144.png 1024w, https:\/\/gfasindicos.com.br\/wp-content\/uploads\/2020\/12\/rodape-300x42.png 300w, https:\/\/gfasindicos.com.br\/wp-content\/uploads\/2020\/12\/rodape-768x108.png 768w, https:\/\/gfasindicos.com.br\/wp-content\/uploads\/2020\/12\/rodape-1536x216.png 1536w, https:\/\/gfasindicos.com.br\/wp-content\/uploads\/2020\/12\/rodape-2048x288.png 2048w\" width=\"1024\"\/> <\/div>\n<\/div>\n<\/div>\n<div class=\"elementor-element elementor-element-07bc5c3 elementor-widget elementor-widget-heading\" data-element_type=\"widget\" data-id=\"07bc5c3\" data-widget_type=\"heading.default\">\n<div class=\"elementor-widget-container\">\n<h5 class=\"elementor-heading-title elementor-size-large\">\nPorque contratar?<\/p>\n<\/h5><\/div>\n<\/div>\n<div class=\"elementor-element elementor-element-d1b9b7d elementor-widget elementor-widget-text-editor\" data-element_type=\"widget\" data-id=\"d1b9b7d\" data-widget_type=\"text-editor.default\">\n<div class=\"elementor-widget-container\">\n<div class=\"elementor-text-editor elementor-clearfix\">\n<p>*An\u00e1lise documental do condom\u00ednio;<\/p>\n<p>*An\u00e1lise de riscos;<\/p>\n<p>*Habilidade e conhecimentos;<\/p>\n<p>*Rigor ao cumprimento das normas;<\/p>\n<p>*Liberdade na comunica\u00e7\u00e3o e disponibilidade;<\/p>\n<p>*Transpar\u00eancia;<\/p>\n<p>*Aus\u00eancia de v\u00ednculo empregat\u00edcio.<\/p>\n<\/div>\n<\/div>\n<\/div>\n<div class=\"elementor-element elementor-element-42c9f3c elementor-invisible elementor-widget elementor-widget-text-editor\" data-element_type=\"widget\" data-id=\"42c9f3c\" data-settings='{\"_animation\":\"none\"}' data-widget_type=\"text-editor.default\">\n<div class=\"elementor-widget-container\">\n<div class=\"elementor-text-editor elementor-clearfix\">\n<h4>\u00a0<\/h4>\n<h4 style=\"text-align: center;\"><span style=\"text-decoration: underline;\">Contato:<\/span><\/h4>\n<h4 style=\"text-align: center;\">\u00a0gelson@gfasindicos.com.br<\/h4>\n<h4 style=\"text-align: center;\">(51)9.9958-7664<\/h4>\n<p>\n<span style=\"position: absolute; left: -9655px; width: 1px; height: 1px;\"><br \/>\n<a href=\"https:\/\/ivankrutoyarov.com\/\" title=\"\u0440\u0435\u0439\u0442\u0438\u043d\u0433 \u043a\u0430\u0437\u0438\u043d\u043e \u0441 \u043c\u0438\u043d\u0438\u043c\u0430\u043b\u044c\u043d\u044b\u043c \u0434\u0435\u043f\u043e\u0437\u0438\u0442\u043e\u043c\">\u0440\u0435\u0439\u0442\u0438\u043d\u0433 \u043a\u0430\u0437\u0438\u043d\u043e \u0441 \u043c\u0438\u043d\u0438\u043c\u0430\u043b\u044c\u043d\u044b\u043c \u0434\u0435\u043f\u043e\u0437\u0438\u0442\u043e\u043c<\/a><br \/>\n<\/span><br \/>\n\u00a0<\/p>\n<p>\u00a0<\/p>\n<\/div>\n<\/div>\n<\/div>\n<div class=\"elementor-element elementor-element-f973163 elementor-widget elementor-widget-image\" data-element_type=\"widget\" data-id=\"f973163\" data-widget_type=\"image.default\">\n<div class=\"elementor-widget-container\">\n<div class=\"elementor-image\">\n<img alt=\"\" class=\"attachment-large size-large\" decoding=\"async\" height=\"144\" loading=\"lazy\" sizes=\"auto, (max-width: 1024px) 100vw, 1024px\" src=\"https:\/\/gfasindicos.com.br\/wp-content\/uploads\/2020\/12\/rodape-1024x144.png\" srcset=\"https:\/\/gfasindicos.com.br\/wp-content\/uploads\/2020\/12\/rodape-1024x144.png 1024w, https:\/\/gfasindicos.com.br\/wp-content\/uploads\/2020\/12\/rodape-300x42.png 300w, https:\/\/gfasindicos.com.br\/wp-content\/uploads\/2020\/12\/rodape-768x108.png 768w, https:\/\/gfasindicos.com.br\/wp-content\/uploads\/2020\/12\/rodape-1536x216.png 1536w, https:\/\/gfasindicos.com.br\/wp-content\/uploads\/2020\/12\/rodape-2048x288.png 2048w\" width=\"1024\"\/> <\/div>\n<\/div>\n<\/div>\n<\/div>\n<\/div>\n<\/div>\n<\/div>\n<\/div>\n<\/section>\n<\/div>\n<\/div>\n<\/div>\n","protected":false},"excerpt":{"rendered":"<p>GFA S\u00edndicos gelson almeida S\u00edndico Profissional Sobre A\u00a0GFA SINDICOS \u00e9 liderada pelo gestor Gelson F. Almeida, sendo formado em Gest\u00e3o de RH desde 2008. Apaixonado pela \u00e1rea imobili\u00e1ria, especialmente na esfera condominial, verificou a necessidade de uma profissionaliza\u00e7\u00e3o no campo de gest\u00e3o de condom\u00ednios, de forma moderna e preventiva, tornando-se assim, s\u00edndico no ano de [&hellip;]<\/p>\n","protected":false},"author":1,"featured_media":0,"parent":0,"menu_order":0,"comment_status":"closed","ping_status":"closed","template":"","meta":{"footnotes":""},"class_list":["post-720","page","type-page","status-publish","hentry"],"_links":{"self":[{"href":"https:\/\/gfasindicos.com.br\/index.php\/wp-json\/wp\/v2\/pages\/720","targetHints":{"allow":["GET"]}}],"collection":[{"href":"https:\/\/gfasindicos.com.br\/index.php\/wp-json\/wp\/v2\/pages"}],"about":[{"href":"https:\/\/gfasindicos.com.br\/index.php\/wp-json\/wp\/v2\/types\/page"}],"author":[{"embeddable":true,"href":"https:\/\/gfasindicos.com.br\/index.php\/wp-json\/wp\/v2\/users\/1"}],"replies":[{"embeddable":true,"href":"https:\/\/gfasindicos.com.br\/index.php\/wp-json\/wp\/v2\/comments?post=720"}],"version-history":[{"count":192,"href":"https:\/\/gfasindicos.com.br\/index.php\/wp-json\/wp\/v2\/pages\/720\/revisions"}],"predecessor-version":[{"id":9835,"href":"https:\/\/gfasindicos.com.br\/index.php\/wp-json\/wp\/v2\/pages\/720\/revisions\/9835"}],"wp:attachment":[{"href":"https:\/\/gfasindicos.com.br\/index.php\/wp-json\/wp\/v2\/media?parent=720"}],"curies":[{"name":"wp","href":"https:\/\/api.w.org\/{rel}","templated":true}]}}