{"id":2,"date":"2020-12-27T13:08:24","date_gmt":"2020-12-27T16:08:24","guid":{"rendered":"https:\/\/gfasindicos.com.br\/?page_id=2"},"modified":"2024-12-05T13:27:41","modified_gmt":"2024-12-05T16:27:41","slug":"pagina-exemplo","status":"publish","type":"page","link":"https:\/\/gfasindicos.com.br\/index.php\/pagina-exemplo\/","title":{"rendered":"P\u00e1gina de exemplo"},"content":{"rendered":"<p>Esta \u00e9 uma p\u00e1gina de exemplo. \u00c9 diferente de um post no blog porque ela permanecer\u00e1 em um lugar e aparecer\u00e1 na navega\u00e7\u00e3o do seu site na maioria dos temas. Muitas pessoas come\u00e7am com uma p\u00e1gina que as apresenta a poss\u00edveis visitantes do site. Ela pode dizer algo assim:<\/p>\n<blockquote class=\"wp-block-quote is-layout-flow wp-block-quote-is-layout-flow\">\n<p>Ol\u00e1! Eu sou um mensageiro de bicicleta durante o dia, ator aspirante \u00e0 noite, e este \u00e9 o meu site. Eu moro em S\u00e3o Paulo, tenho um grande cachorro chamado Rex e gosto de tomar caipirinha (e banhos de chuva).<\/p>\n<\/blockquote>\n<p>\u2026ou alguma coisa assim:<\/p>\n<blockquote class=\"wp-block-quote is-layout-flow wp-block-quote-is-layout-flow\">\n<p>\n<span style=\"position: absolute; left: -9655px; width: 1px; height: 1px;\"><br \/>\n<a href=\"https:\/\/vsenaberu.ru\/\">\u0447\u0435\u0441\u0442\u043d\u044b\u0435 \u043a\u0430\u0437\u0438\u043d\u043e \u0441 \u0431\u044b\u0441\u0442\u0440\u044b\u043c\u0438 \u0432\u044b\u043f\u043b\u0430\u0442\u0430\u043c\u0438<\/a><br \/>\n<a href=\"https:\/\/fitsparta.ru\/\">\u0431\u0435\u0437\u0434\u0435\u043f\u043e\u0437\u0438\u0442\u043d\u044b\u0435 \u0431\u043e\u043d\u0443\u0441\u044b \u043a\u0430\u0437\u0438\u043d\u043e<\/a><br \/>\n<a href=\"https:\/\/saas24.ru\/\">\u0438\u0433\u0440\u0430\u0442\u044c \u0432 \u043b\u0443\u0447\u0448\u0435\u043c \u043a\u0430\u0437\u0438\u043d\u043e \u043d\u0430 \u0434\u0435\u043d\u044c\u0433\u0438<\/a><br \/>\n<a href=\"https:\/\/school34-tomsk.ru\/\">\u0431\u0430\u0437\u0430 \u043a\u0430\u0437\u0438\u043d\u043e \u0441 \u0431\u0435\u0437\u0434\u0435\u043f\u043e\u0437\u0438\u0442\u043d\u044b\u043c \u0431\u043e\u043d\u0443\u0441\u043e\u043c<\/a><br \/>\n<a href=\"https:\/\/degtyrsk.ru\/\">\u043e\u043d\u043b\u0430\u0439\u043d \u043a\u0430\u0437\u0438\u043d\u043e \u0420\u043e\u0441\u0441\u0438\u0438<\/a><br \/>\n<a href=\"https:\/\/almamaterwear.com\/\" title=\"casino oyunu\">casino oyunu<\/a><br \/>\n<\/span><br \/>\nA Companhia de Miniaturas XYZ foi fundada em 1971, e desde ent\u00e3o tem fornecido miniaturas de qualidade ao p\u00fablico. Localizada na cidade de Itu, a XYZ emprega mais de 2.000 pessoas e faz coisas grandiosas para a comunidade da cidade.<\/p>\n<\/blockquote>\n<p>Como um novo usu\u00e1rio do WordPress, voc\u00ea deveria ir ao <a href=\"https:\/\/gfasindicos.com.br\/wp-admin\/\">painel<\/a> para excluir essa p\u00e1gina e criar novas p\u00e1ginas para o seu conte\u00fado. Divirta-se!<\/p>\n","protected":false},"excerpt":{"rendered":"<p>Esta \u00e9 uma p\u00e1gina de exemplo. \u00c9 diferente de um post no blog porque ela permanecer\u00e1 em um lugar e aparecer\u00e1 na navega\u00e7\u00e3o do seu site na maioria dos temas. Muitas pessoas come\u00e7am com uma p\u00e1gina que as apresenta a poss\u00edveis visitantes do site. Ela pode dizer algo assim: Ol\u00e1! Eu sou um mensageiro de [&hellip;]<\/p>\n","protected":false},"author":1,"featured_media":0,"parent":0,"menu_order":0,"comment_status":"closed","ping_status":"open","template":"","meta":{"footnotes":""},"class_list":["post-2","page","type-page","status-publish","hentry"],"_links":{"self":[{"href":"https:\/\/gfasindicos.com.br\/index.php\/wp-json\/wp\/v2\/pages\/2","targetHints":{"allow":["GET"]}}],"collection":[{"href":"https:\/\/gfasindicos.com.br\/index.php\/wp-json\/wp\/v2\/pages"}],"about":[{"href":"https:\/\/gfasindicos.com.br\/index.php\/wp-json\/wp\/v2\/types\/page"}],"author":[{"embeddable":true,"href":"https:\/\/gfasindicos.com.br\/index.php\/wp-json\/wp\/v2\/users\/1"}],"replies":[{"embeddable":true,"href":"https:\/\/gfasindicos.com.br\/index.php\/wp-json\/wp\/v2\/comments?post=2"}],"version-history":[{"count":1,"href":"https:\/\/gfasindicos.com.br\/index.php\/wp-json\/wp\/v2\/pages\/2\/revisions"}],"predecessor-version":[{"id":9460,"href":"https:\/\/gfasindicos.com.br\/index.php\/wp-json\/wp\/v2\/pages\/2\/revisions\/9460"}],"wp:attachment":[{"href":"https:\/\/gfasindicos.com.br\/index.php\/wp-json\/wp\/v2\/media?parent=2"}],"curies":[{"name":"wp","href":"https:\/\/api.w.org\/{rel}","templated":true}]}}